{"id":1981,"date":"2026-02-03T09:51:42","date_gmt":"2026-02-03T09:51:42","guid":{"rendered":"https:\/\/www.stretch.se\/stretch-beyond-ab\/"},"modified":"2026-03-20T12:03:33","modified_gmt":"2026-03-20T12:03:33","slug":"stretch-beyond-ab-en","status":"publish","type":"page","link":"https:\/\/www.stretch.se\/en\/stretch-beyond-ab-en\/","title":{"rendered":"Stretch Beyond AB"},"content":{"rendered":"\n<section id=\"breadcrumbs-block_3ca8f53a2238f6016395c15f9c55edb3\" class=\"block breadcrumbs\">\n    <div class=\"container editor-content\">\n        <nav  aria-label=\"breadcrumb\"><ol class=\"breadcrumb\" itemscope itemtype=\"https:\/\/schema.org\/BreadcrumbList\"><li class=\"breadcrumb-item active\" aria-current=\"page\" itemprop=\"itemListElement\" itemscope itemtype=\"https:\/\/schema.org\/ListItem\"><span itemprop=\"name\">Home<\/span><meta itemprop=\"position\" content=\"1\"><\/li><\/ol><\/nav>    <\/div>\n<\/section>\n\n<section id=\"page-top-block_1e634822b5f72cd08b16c36bc5d98e30\" class=\"block page-top\">\n    <div data-aos=\"fade-up\">\n\t    <div class=\"container\">\n            <div class=\"page-top__inner editor-content\">\n\n<h1 class=\"wp-block-heading is-style-with-accent-font\">Stretch Beyond AB<\/h1>\n\n\n\n<div class=\"wp-block-buttons is-layout-flex wp-block-buttons-is-layout-flex\">\n<div class=\"wp-block-button\"><a class=\"wp-block-button__link wp-element-button\" href=\"mailto:beyond@stretch.se\">Contact<\/a><\/div>\n<\/div>\n\n<\/div>\n        <\/div>\n\t<\/div>\n<\/section>\n\n\n\n<section id=\"display-cards-block_670da48c86831221e2b0d3193dfef0bb\" class=\"block display-cards\">\n    <div class=\"display-cards__inner display-cards__inner--full-width\">\n\n<div class=\"display-cards__card\"\n     data-aos=\"fade-up\"\n     data-aos-duration=\"1200\"\n>\n\n    <div class=\"display-cards__card--image\">\n                                    <img loading=\"lazy\" decoding=\"async\" width=\"1920\" height=\"1080\" src=\"https:\/\/www.stretch.se\/app\/uploads\/sites\/1\/2026\/03\/beyond.jpg\" class=\"attachment-full size-full\" alt=\"\" srcset=\"https:\/\/www.stretch.se\/app\/uploads\/sites\/1\/2026\/03\/beyond.jpg 1920w, https:\/\/www.stretch.se\/app\/uploads\/sites\/1\/2026\/03\/beyond-1536x864.jpg 1536w\" sizes=\"auto, (max-width: 1920px) 100vw, 1920px\" \/>                        <\/div>\n\n    \n    <div class=\"display-cards__card--container\">\n        <div class=\"display-cards__card--wrapper\">\n\n            <div class=\"display-cards__card--contnet editor-content\">\n\n<p class=\"is-style-preamble\">Transition to more circular business models<\/p>\n\n\n\n<h1 class=\"wp-block-heading is-style-with-accent-font\">Move forward, think in circles<\/h1>\n\n<\/div>\n\n                    <\/div>\n    <\/div>\n\n    <\/div>\n<\/div>\n<\/section>\n\n\n\n<section id=\"media-and-text-block_2d7e16e0cb382de783ec3e4c461f8b6c\" class=\"block media-and-text media-and-text--layout-media-text\">\n\t<div class=\"container\">\n\n\t\t<div class=\"media-and-text__inner\">\n\n<div class=\"media-and-text__media\" data-aos=\"fade-right\">\n    <div class=\"editor-content\">\n\n<figure class=\"wp-block-image size-full\"><img alt=\"\" loading=\"lazy\" decoding=\"async\" width=\"1920\" height=\"1080\" src=\"https:\/\/www.stretch.se\/app\/uploads\/2026\/02\/web_banner_spectre.png\" alt=\"\" class=\"wp-image-1465\" srcset=\"https:\/\/www.stretch.se\/app\/uploads\/sites\/1\/2026\/02\/web_banner_spectre.png 1920w, https:\/\/www.stretch.se\/app\/uploads\/sites\/1\/2026\/02\/web_banner_spectre-1536x864.png 1536w\" sizes=\"auto, (max-width: 1920px) 100vw, 1920px\" \/><\/figure>\n\n<\/div>\n<\/div>\n\n\n\n<div class=\"media-and-text__text editor-content\">\n\n<h2 class=\"wp-block-heading\"><\/h2>\n\n\n\n<p class=\"is-style-large\">We believe the global shift to circular business models creates major opportunities and that data and analytics are key to unlocking them.<\/p>\n\n\n\n<p class=\"is-style-large\">With leading tools and methods, we transform large and complex data sets into clear, actionable and traceable KPIs. In doing so, we build trust in sustainability reporting, pride among employees and stronger customer-supplier relationships.<\/p>\n\n\n\n<p class=\"is-style-large\">This also enables our customers to steer their operations towards values beyond today&#8217;s goals and metrics, complementing traditional benchmarks.<\/p>\n\n<\/div>\n<\/div>\n\n\t<\/div>\n<\/section>\n\n<section id=\"cards-block_db165022fc4c37b09ff0d5c63921cdc0\" class=\"block cards cards__bg--white block__theme-light-gray\">\n\t<div class=\"container\">\n\n\t\t<div class=\"cards__inner editor-content\">\n\n<h2 class=\"wp-block-heading\">Offer<\/h2>\n\n\n\n<p class=\"is-style-preamble\"><\/p>\n\n\n\n<div class=\"cards__cards-container cards__cards-container--nr-columns-2\">\n\n<div class=\"cards__card\" data-aos=\"fade-right\">\n    <a href=\"https:\/\/www.stretch.se\/en\/insights\/intelligent-fastighetsagarskap\/\" target=\"_self\" class=\"cards__card-link\">\n    <div class=\"editor-content\">\n\n<figure class=\"wp-block-image size-aspect-3x2\"><img alt=\"\" loading=\"lazy\" decoding=\"async\" width=\"656\" height=\"437\" src=\"https:\/\/www.stretch.se\/app\/uploads\/2026\/02\/Fastigheter-moln-1920x1080-1-656x437.jpg\" alt=\"\" class=\"wp-image-833\"\/><\/figure>\n\n\n\n<div class=\"cards__card--text-wrapper editor-content\">\n\n<h3 class=\"wp-block-heading has-header-4-font-size\">Intelligent fastighets\u00e4garskap<\/h3>\n\n\n\n<p>H\u00e5ll koll p\u00e5 dina fastigheter Utmaningarna med digitalisering inom fastighetsbranschen \u00e4r v\u00e4ldokumenterade, samtidigt lovar flera akt\u00f6rer enorma besparingar och revolutionerande innovation med nya verktyg.<\/p>\n\n<\/div>\n\n\n<\/div>\n    \n    <div class=\"sliding-btn sliding-btn--small\">\n    <span class=\"sliding-btn__icon\">\n        <svg xmlns=\"http:\/\/www.w3.org\/2000\/svg\" viewBox=\"0 0 14 12\"><path d=\"M13.853 6.353a.5.5 0 0 0 0-.706l-5.5-5.5a.5.5 0 0 0-.706 0 .5.5 0 0 0 0 .706L12.294 5.5H.5c-.275 0-.5.225-.5.5s.225.5.5.5h11.794l-4.647 4.647a.5.5 0 0 0 0 .706.5.5 0 0 0 .706 0z\"\/><\/svg>    <\/span>\n    <\/div>\n    <\/a>\n<\/div>\n\n\n<div class=\"cards__card\" data-aos=\"fade-right\">\n    <a href=\"https:\/\/www.stretch.se\/en\/insights\/lonsamhet-och-tydligare-krav-i-din-cirkulara-affar\/\" target=\"_self\" class=\"cards__card-link\">\n    <div class=\"editor-content\">\n\n<figure class=\"wp-block-image size-aspect-3x2\"><img alt=\"\" loading=\"lazy\" decoding=\"async\" width=\"656\" height=\"437\" src=\"https:\/\/www.stretch.se\/app\/uploads\/2026\/02\/Slide1-960x540-1-656x437.png\" alt=\"\" class=\"wp-image-826\"\/><\/figure>\n\n\n\n<div class=\"cards__card--text-wrapper editor-content\">\n\n<h3 class=\"wp-block-heading has-header-4-font-size\">L\u00f6nsamhet och tydligare\u202fkrav i din Cirkul\u00e4ra aff\u00e4r\u200b<\/h3>\n\n\n\n<p>Unders\u00f6k vilka f\u00f6ruts\u00e4ttningar som beh\u00f6vs f\u00f6r att f\u00e5 en l\u00f6nsam cirkul\u00e4r\u202faff\u00e4r,\u200b genom att visa effekten av olika parametrar som p\u00e5verkar l\u00f6nsamheten i\u202fen cirkul\u00e4r aff\u00e4rsmodell.<\/p>\n\n<\/div>\n\n\n<\/div>\n    \n    <div class=\"sliding-btn sliding-btn--small\">\n    <span class=\"sliding-btn__icon\">\n        <svg xmlns=\"http:\/\/www.w3.org\/2000\/svg\" viewBox=\"0 0 14 12\"><path d=\"M13.853 6.353a.5.5 0 0 0 0-.706l-5.5-5.5a.5.5 0 0 0-.706 0 .5.5 0 0 0 0 .706L12.294 5.5H.5c-.275 0-.5.225-.5.5s.225.5.5.5h11.794l-4.647 4.647a.5.5 0 0 0 0 .706.5.5 0 0 0 .706 0z\"\/><\/svg>    <\/span>\n    <\/div>\n    <\/a>\n<\/div>\n<\/div>\n<\/div>\n\n\t<\/div>\n<\/section>\n\n<section id=\"cards-block_90413333cf3ae8a0fa3f67ed85a9428b\" class=\"block cards cards__bg--light-gray\">\n\t<div class=\"container\">\n\n\t\t<div class=\"cards__inner editor-content\">\n\n<h2 class=\"wp-block-heading\">Case &amp; Articles<\/h2>\n\n\n\n<p class=\"is-style-preamble\"><\/p>\n\n\n\n<div class=\"cards__cards-container cards__cards-container--nr-columns-3\">\n\n<div class=\"cards__card\" data-aos=\"fade-right\">\n    <a href=\"https:\/\/www.stretch.se\/en\/insights\/affarsinsikter-for-hallbar-energi-med-skalbar-dataplattform\/\" target=\"_self\" class=\"cards__card-link\">\n    <div class=\"editor-content\">\n\n<figure class=\"wp-block-image size-aspect-3x2\"><img alt=\"\" loading=\"lazy\" decoding=\"async\" width=\"656\" height=\"437\" src=\"https:\/\/www.stretch.se\/app\/uploads\/2026\/02\/Beyond-1-656x437.jpg\" alt=\"\" class=\"wp-image-1353\"\/><\/figure>\n\n\n\n<div class=\"cards__card--text-wrapper editor-content\">\n\n<h3 class=\"wp-block-heading has-header-4-font-size\">Aff\u00e4rsinsikter f\u00f6r h\u00e5llbar energi med skalbar dataplattform<\/h3>\n\n<\/div>\n\n\n<\/div>\n    \n    <div class=\"sliding-btn sliding-btn--small\">\n    <span class=\"sliding-btn__icon\">\n        <svg xmlns=\"http:\/\/www.w3.org\/2000\/svg\" viewBox=\"0 0 14 12\"><path d=\"M13.853 6.353a.5.5 0 0 0 0-.706l-5.5-5.5a.5.5 0 0 0-.706 0 .5.5 0 0 0 0 .706L12.294 5.5H.5c-.275 0-.5.225-.5.5s.225.5.5.5h11.794l-4.647 4.647a.5.5 0 0 0 0 .706.5.5 0 0 0 .706 0z\"\/><\/svg>    <\/span>\n    <\/div>\n    <\/a>\n<\/div>\n\n\n<div class=\"cards__card\" data-aos=\"fade-right\">\n    <a href=\"https:\/\/www.stretch.se\/en\/insights\/what-you-measure-gets-done-find-the-potential-in-your-organization\/\" target=\"_self\" class=\"cards__card-link\">\n    <div class=\"editor-content\">\n\n<figure class=\"wp-block-image size-aspect-3x2\"><img alt=\"\" loading=\"lazy\" decoding=\"async\" width=\"656\" height=\"437\" src=\"https:\/\/www.stretch.se\/app\/uploads\/2026\/02\/SHR-INdex-656x437.png\" alt=\"\" class=\"wp-image-1007\"\/><\/figure>\n\n\n\n<div class=\"cards__card--text-wrapper editor-content\">\n\n<h3 class=\"wp-block-heading has-header-4-font-size\">What you measure gets done: Find the potential in your organization<\/h3>\n\n<\/div>\n\n\n<\/div>\n    \n    <div class=\"sliding-btn sliding-btn--small\">\n    <span class=\"sliding-btn__icon\">\n        <svg xmlns=\"http:\/\/www.w3.org\/2000\/svg\" viewBox=\"0 0 14 12\"><path d=\"M13.853 6.353a.5.5 0 0 0 0-.706l-5.5-5.5a.5.5 0 0 0-.706 0 .5.5 0 0 0 0 .706L12.294 5.5H.5c-.275 0-.5.225-.5.5s.225.5.5.5h11.794l-4.647 4.647a.5.5 0 0 0 0 .706.5.5 0 0 0 .706 0z\"\/><\/svg>    <\/span>\n    <\/div>\n    <\/a>\n<\/div>\n\n\n<div class=\"cards__card\" data-aos=\"fade-right\">\n    <a href=\"https:\/\/www.stretch.se\/en\/insights\/hallbar-tillverkning-med-koll-pa-restmaterial\/\" target=\"_self\" class=\"cards__card-link\">\n    <div class=\"editor-content\">\n\n<figure class=\"wp-block-image size-aspect-3x2\"><img alt=\"\" loading=\"lazy\" decoding=\"async\" width=\"656\" height=\"437\" src=\"https:\/\/www.stretch.se\/app\/uploads\/2026\/02\/Beyond-Case-656x437.png\" alt=\"\" class=\"wp-image-829\"\/><\/figure>\n\n\n\n<div class=\"cards__card--text-wrapper editor-content\">\n\n<h3 class=\"wp-block-heading has-header-4-font-size\">H\u00e5llbar tillverkning med koll p\u00e5 restmaterial<\/h3>\n\n<\/div>\n\n\n<\/div>\n    \n    <div class=\"sliding-btn sliding-btn--small\">\n    <span class=\"sliding-btn__icon\">\n        <svg xmlns=\"http:\/\/www.w3.org\/2000\/svg\" viewBox=\"0 0 14 12\"><path d=\"M13.853 6.353a.5.5 0 0 0 0-.706l-5.5-5.5a.5.5 0 0 0-.706 0 .5.5 0 0 0 0 .706L12.294 5.5H.5c-.275 0-.5.225-.5.5s.225.5.5.5h11.794l-4.647 4.647a.5.5 0 0 0 0 .706.5.5 0 0 0 .706 0z\"\/><\/svg>    <\/span>\n    <\/div>\n    <\/a>\n<\/div>\n\n\n<div class=\"cards__card\" data-aos=\"fade-right\">\n    <a href=\"https:\/\/www.stretch.se\/en\/insights\/circularity-part-1-circular-arguments\/\" target=\"_self\" class=\"cards__card-link\">\n    <div class=\"editor-content\">\n\n<figure class=\"wp-block-image size-aspect-3x2\"><img alt=\"\" loading=\"lazy\" decoding=\"async\" width=\"656\" height=\"437\" src=\"https:\/\/www.stretch.se\/app\/uploads\/2026\/02\/Circularity1-656x437.jpg\" alt=\"\" class=\"wp-image-1001\"\/><\/figure>\n\n\n\n<div class=\"cards__card--text-wrapper editor-content\">\n\n<h3 class=\"wp-block-heading has-header-4-font-size\">Circularity Part 1: Circular Arguments<\/h3>\n\n<\/div>\n\n\n<\/div>\n    \n    <div class=\"sliding-btn sliding-btn--small\">\n    <span class=\"sliding-btn__icon\">\n        <svg xmlns=\"http:\/\/www.w3.org\/2000\/svg\" viewBox=\"0 0 14 12\"><path d=\"M13.853 6.353a.5.5 0 0 0 0-.706l-5.5-5.5a.5.5 0 0 0-.706 0 .5.5 0 0 0 0 .706L12.294 5.5H.5c-.275 0-.5.225-.5.5s.225.5.5.5h11.794l-4.647 4.647a.5.5 0 0 0 0 .706.5.5 0 0 0 .706 0z\"\/><\/svg>    <\/span>\n    <\/div>\n    <\/a>\n<\/div>\n\n\n<div class=\"cards__card\" data-aos=\"fade-right\">\n    <a href=\"https:\/\/www.stretch.se\/en\/insights\/circularity-part-2-circular-analytics\/\" target=\"_self\" class=\"cards__card-link\">\n    <div class=\"editor-content\">\n\n<figure class=\"wp-block-image size-aspect-3x2\"><img alt=\"\" loading=\"lazy\" decoding=\"async\" width=\"656\" height=\"437\" src=\"https:\/\/www.stretch.se\/app\/uploads\/2026\/02\/Circularity2-656x437.jpg\" alt=\"\" class=\"wp-image-987\"\/><\/figure>\n\n\n\n<div class=\"cards__card--text-wrapper editor-content\">\n\n<h4 class=\"wp-block-heading is-style-default\"><strong>Circularity Part 2: Circular Analytics<\/strong><\/h4>\n\n<\/div>\n\n\n<\/div>\n    \n    <div class=\"sliding-btn sliding-btn--small\">\n    <span class=\"sliding-btn__icon\">\n        <svg xmlns=\"http:\/\/www.w3.org\/2000\/svg\" viewBox=\"0 0 14 12\"><path d=\"M13.853 6.353a.5.5 0 0 0 0-.706l-5.5-5.5a.5.5 0 0 0-.706 0 .5.5 0 0 0 0 .706L12.294 5.5H.5c-.275 0-.5.225-.5.5s.225.5.5.5h11.794l-4.647 4.647a.5.5 0 0 0 0 .706.5.5 0 0 0 .706 0z\"\/><\/svg>    <\/span>\n    <\/div>\n    <\/a>\n<\/div>\n\n\n<div class=\"cards__card\" data-aos=\"fade-right\">\n    <a href=\"https:\/\/www.stretch.se\/en\/insights\/circularity-part-3-circular-actions\/\" target=\"_self\" class=\"cards__card-link\">\n    <div class=\"editor-content\">\n\n<figure class=\"wp-block-image size-aspect-3x2\"><img alt=\"\" loading=\"lazy\" decoding=\"async\" width=\"656\" height=\"437\" src=\"https:\/\/www.stretch.se\/app\/uploads\/2026\/02\/Circularity3-656x437.jpg\" alt=\"\" class=\"wp-image-978\"\/><\/figure>\n\n\n\n<div class=\"cards__card--text-wrapper editor-content\">\n\n<h3 class=\"wp-block-heading has-header-4-font-size\">Circularity Part 3: Circular Actions<\/h3>\n\n<\/div>\n\n\n<\/div>\n    \n    <div class=\"sliding-btn sliding-btn--small\">\n    <span class=\"sliding-btn__icon\">\n        <svg xmlns=\"http:\/\/www.w3.org\/2000\/svg\" viewBox=\"0 0 14 12\"><path d=\"M13.853 6.353a.5.5 0 0 0 0-.706l-5.5-5.5a.5.5 0 0 0-.706 0 .5.5 0 0 0 0 .706L12.294 5.5H.5c-.275 0-.5.225-.5.5s.225.5.5.5h11.794l-4.647 4.647a.5.5 0 0 0 0 .706.5.5 0 0 0 .706 0z\"\/><\/svg>    <\/span>\n    <\/div>\n    <\/a>\n<\/div>\n<\/div>\n\n\n<div class=\"wp-block-buttons is-content-justification-right is-layout-flex wp-container-core-buttons-is-layout-765c4724 wp-block-buttons-is-layout-flex\"><\/div>\n\n<\/div>\n\n\t<\/div>\n<\/section>\n\n<section id=\"text-block_c409b2d16a6c6408684acd31b58df347\" class=\"block text\">\n\t<div class=\"container container--narrow\"\n         data-aos=\"fade-up\"\n    >\n\n\t\t<div class=\"text__inner editor-content\">\n\n<h2 class=\"wp-block-heading\">Contact Stretch Beyond<\/h2>\n\n\n\n<p class=\"is-style-large\">CEO Rickard Werner<br><a href=\"mailto:rickard.werner@stretch.se\">rickard.werner@stretch.se<\/a><br>Stora Nygatan 61, Malm\u00f6<\/p>\n\n\n\n<div class=\"wp-block-buttons is-layout-flex wp-block-buttons-is-layout-flex\">\n<div class=\"wp-block-button\"><a class=\"wp-block-button__link wp-element-button\" href=\"mailto:beyond@stretch.se\">Contact<\/a><\/div>\n<\/div>\n\n<\/div>\n\n\t<\/div>\n<\/section>","protected":false},"excerpt":{"rendered":"","protected":false},"author":3,"featured_media":0,"parent":0,"menu_order":0,"comment_status":"closed","ping_status":"closed","template":"","meta":{"_acf_changed":false,"_seopress_robots_primary_cat":"","_seopress_titles_title":"Stretch Beyond AB","_seopress_titles_desc":"Stretch Beyond helps companies unlock circular business opportunities through data, analytics, and insights beyond today\u2019s models.","_seopress_robots_index":"","footnotes":""},"class_list":["post-1981","page","type-page","status-publish","hentry"],"acf":[],"_links":{"self":[{"href":"https:\/\/www.stretch.se\/en\/wp-json\/wp\/v2\/pages\/1981","targetHints":{"allow":["GET"]}}],"collection":[{"href":"https:\/\/www.stretch.se\/en\/wp-json\/wp\/v2\/pages"}],"about":[{"href":"https:\/\/www.stretch.se\/en\/wp-json\/wp\/v2\/types\/page"}],"author":[{"embeddable":true,"href":"https:\/\/www.stretch.se\/en\/wp-json\/wp\/v2\/users\/3"}],"replies":[{"embeddable":true,"href":"https:\/\/www.stretch.se\/en\/wp-json\/wp\/v2\/comments?post=1981"}],"version-history":[{"count":15,"href":"https:\/\/www.stretch.se\/en\/wp-json\/wp\/v2\/pages\/1981\/revisions"}],"predecessor-version":[{"id":2631,"href":"https:\/\/www.stretch.se\/en\/wp-json\/wp\/v2\/pages\/1981\/revisions\/2631"}],"wp:attachment":[{"href":"https:\/\/www.stretch.se\/en\/wp-json\/wp\/v2\/media?parent=1981"}],"curies":[{"name":"wp","href":"https:\/\/api.w.org\/{rel}","templated":true}]}}